{"id":155,"date":"2025-12-04T17:18:04","date_gmt":"2025-12-04T16:18:04","guid":{"rendered":"https:\/\/www.lamuno.com\/ld\/?page_id=155"},"modified":"2025-12-04T17:24:34","modified_gmt":"2025-12-04T16:24:34","slug":"aviso-de-privacidad","status":"publish","type":"page","link":"https:\/\/www.lamuno.com\/ld\/aviso-de-privacidad\/","title":{"rendered":"Aviso de Privacidad"},"content":{"rendered":"\t\t<div data-elementor-type=\"wp-page\" data-elementor-id=\"155\" class=\"elementor elementor-155\" data-elementor-post-type=\"page\">\n\t\t\t\t<div class=\"elementor-element elementor-element-1cd9f53 e-flex e-con-boxed e-con e-parent\" data-id=\"1cd9f53\" data-element_type=\"container\" data-settings=\"{&quot;background_background&quot;:&quot;classic&quot;}\">\n\t\t\t\t\t<div class=\"e-con-inner\">\n\t\t<div class=\"elementor-element elementor-element-f0f6a2e e-con-full e-flex e-con e-child\" data-id=\"f0f6a2e\" data-element_type=\"container\">\n\t\t\t\t<div class=\"elementor-element elementor-element-eea4880 elementor-widget elementor-widget-image\" data-id=\"eea4880\" data-element_type=\"widget\" data-widget_type=\"image.default\">\n\t\t\t\t\t\t\t\t\t\t\t\t\t\t\t<img decoding=\"async\" width=\"178\" height=\"52\" src=\"https:\/\/www.lamuno.com\/ld\/wp-content\/uploads\/2025\/11\/LAMUNO.png\" class=\"attachment-large size-large wp-image-19\" alt=\"\" \/>\t\t\t\t\t\t\t\t\t\t\t\t\t\t\t<\/div>\n\t\t\t\t<\/div>\n\t\t<div class=\"elementor-element elementor-element-09b6462 e-con-full e-flex e-con e-child\" data-id=\"09b6462\" data-element_type=\"container\">\n\t\t\t\t<div class=\"elementor-element elementor-element-7a2a973 elementor-widget elementor-widget-heading\" data-id=\"7a2a973\" data-element_type=\"widget\" data-widget_type=\"heading.default\">\n\t\t\t\t\t<h2 class=\"elementor-heading-title elementor-size-default\">\u00a1Ll\u00e1manos! 222 240 4000<\/h2>\t\t\t\t<\/div>\n\t\t\t\t<\/div>\n\t\t\t\t\t<\/div>\n\t\t\t\t<\/div>\n\t\t<div class=\"elementor-element elementor-element-4a854cd e-flex e-con-boxed e-con e-parent\" data-id=\"4a854cd\" data-element_type=\"container\">\n\t\t\t\t\t<div class=\"e-con-inner\">\n\t\t\t\t<div class=\"elementor-element elementor-element-9d85a4c elementor-widget elementor-widget-heading\" data-id=\"9d85a4c\" data-element_type=\"widget\" data-widget_type=\"heading.default\">\n\t\t\t\t\t<h2 class=\"elementor-heading-title elementor-size-default\">Aviso de Privacidad<\/h2>\t\t\t\t<\/div>\n\t\t\t\t<div class=\"elementor-element elementor-element-ed181ed elementor-widget elementor-widget-spacer\" data-id=\"ed181ed\" data-element_type=\"widget\" data-widget_type=\"spacer.default\">\n\t\t\t\t\t\t\t<div class=\"elementor-spacer\">\n\t\t\t<div class=\"elementor-spacer-inner\"><\/div>\n\t\t<\/div>\n\t\t\t\t\t\t<\/div>\n\t\t\t\t<div class=\"elementor-element elementor-element-21e89fb elementor-widget elementor-widget-text-editor\" data-id=\"21e89fb\" data-element_type=\"widget\" data-widget_type=\"text-editor.default\">\n\t\t\t\t\t\t\t\t\t<p><strong>DE SUS DATOS PERSONALES<\/strong><\/p><p>Refaccionaria Industrial Lamu\u00f1o Hermanos. S.A. De C.V. , con domicilio en Calle 11 Sur N\u00famero 2101 Colonia Centro, Puebla, Pue., como responsable de sus datos personales le proporciona el presente Aviso de Privacidad, para comunicarle el tratamiento que se le dar\u00e1 a \u00e9stos y sus derechos como titular; al mismo tiempo de cumplir con la Ley Federal de Protecci\u00f3n de Datos Personales en Posesi\u00f3n de Particulares.<\/p><p>\u00a0<\/p><p><strong>\u00bfPARA QU\u00c9 FINES Y QUE DATOS PERSONALES RECABAMOS?<\/strong><\/p><p>Su informaci\u00f3n personal ser\u00e1 utilizada para proveer los servicios y productos requeridos al responsable, informarle sobre cambios en los mismos, dar cumplimiento a obligaciones contra\u00eddas con nuestros clientes y fiscales marcadas por el SAT, as\u00ed como evaluar la calidad brindada y realizar estudios internos sobre h\u00e1bitos de consumo. Por consiguiente, requerimos de recabar datos personales tales como: Identidad, Domicilio, Tel\u00e9fonos, Fax, RFC, Representante legal, formas de pago, correo electr\u00f3nico y otros datos que se recaben a lo largo del pr\u00e9stamo de servicios por el responsable. Y pueden ser recabadas directamente de su persona ya sea en su presencia, por comunicaci\u00f3n telef\u00f3nica, electr\u00f3nica u otra fuente permitida por la ley.<\/p><p>\u00a0<\/p><p><strong>\u00bfCU\u00c1LES SON SUS DERECHOS COMO TITULAR DE LOS DATOS PERSONALES?<\/strong><\/p><p>Usted como titular tiene derecho de acceder a sus datos personales, a rectificar o actualizar en caso de ser err\u00f3neos, cancelarlos cuando usted considere que no son necesarios para las funcionalidades mencionadas en este aviso de privacidad as\u00ed como oponerse al tratamiento de los mismos o revocar el consentimiento que nos fue otorgado para tal fin. Para gozar de los derechos anteriormente descritos, as\u00ed como solicitar informaci\u00f3n acerca del presente Aviso, requisitos de rectificaci\u00f3n u oposici\u00f3n y plazos de respuesta, puede ponerse en contacto con nuestro departamento dedicado a la privacidad de datos personales en Calle 11 Sur 2101 Col. Centro Puebla, Pue., al tel\u00e9fono (222) 2400463 o solicitarla v\u00eda internet al siguiente correo solicitud.arco@lamunohnos.com; donde le enviaremos los mecanismos de ayuda, as\u00ed como los plazos para atender su solicitud. En todo momento, usted podr\u00e1 revocar el consentimiento que nos ha otorgado para el tratamiento de sus datos personales, por escrito y con firma de recibido por nuestra parte.<\/p><p>\u00a0<\/p><p><strong>TRANSFERENCIA DE SUS DATOS PERSONALES<\/strong><\/p><p>Nos comprometemos a no transferir su informaci\u00f3n personal a terceros sin su consentimiento, salvo las excepciones previstas en el art\u00edculo 37 de la Ley Federal de Protecci\u00f3n de Datos Personales en Posesi\u00f3n de los Particulares, a menos que as\u00ed usted lo notifique. La notificaci\u00f3n deber\u00e1 ser por medio de un documento que mencione al pr\u00f3ximo responsable de sus datos personales, as\u00ed como la finalidad del requerimiento. El departamento de privacidad se dispone a proporcionarle est\u00e1 informaci\u00f3n a detalle en cuanto lo solicite.<\/p><p>\u00a0<\/p><p><strong>MODIFICACIONES AL AVISO DE PRIVACIDAD<\/strong><\/p><p>Refaccionaria Industrial Lamu\u00f1o Hermanos. S.A. de C.V. Se reserva el derecho de efectuar modificaciones o actualizaciones a este aviso de privacidad para novedades legislativas. Las modificaciones estar\u00e1n disponibles en la p\u00e1gina electr\u00f3nica www.lamuno.mx\/avisoprivacidad\/aviso.html Si usted no manifiesta oposici\u00f3n a lo mencionado y proporciona sus datos personales al responsable, se entender\u00e1 que est\u00e1 de acuerdo con lo acordado en est\u00e9 Aviso de Privacidad y ha otorgado su consentimiento para ello. Consiento que mis datos personales sean transferidos sin necesidad de una notificaci\u00f3n escrita. Si considera que su derecho de protecci\u00f3n de datos personales ha sido lesionado por alguna conducta de nuestros empleados o departamento de Privacidad, podr\u00e1 interponer la queja o denuncia correspondiente ante el IFAI.<\/p>\t\t\t\t\t\t\t\t<\/div>\n\t\t\t\t\t<\/div>\n\t\t\t\t<\/div>\n\t\t\t\t<\/div>\n\t\t","protected":false},"excerpt":{"rendered":"<p>\u00a1Ll\u00e1manos! 222 240 4000 DE SUS DATOS PERSONALES Refaccionaria Industrial Lamu\u00f1o Hermanos. S.A. De C.V. , con domicilio en Calle 11 Sur N\u00famero 2101 Colonia Centro, Puebla, Pue., como responsable de sus datos personales le proporciona el presente Aviso de Privacidad, para comunicarle el tratamiento que se le dar\u00e1 a \u00e9stos y sus derechos como [&hellip;]<\/p>\n","protected":false},"author":1,"featured_media":0,"parent":0,"menu_order":0,"comment_status":"closed","ping_status":"closed","template":"elementor_canvas","meta":{"_joinchat":[],"footnotes":""},"class_list":["post-155","page","type-page","status-publish","hentry"],"_links":{"self":[{"href":"https:\/\/www.lamuno.com\/ld\/wp-json\/wp\/v2\/pages\/155","targetHints":{"allow":["GET"]}}],"collection":[{"href":"https:\/\/www.lamuno.com\/ld\/wp-json\/wp\/v2\/pages"}],"about":[{"href":"https:\/\/www.lamuno.com\/ld\/wp-json\/wp\/v2\/types\/page"}],"author":[{"embeddable":true,"href":"https:\/\/www.lamuno.com\/ld\/wp-json\/wp\/v2\/users\/1"}],"replies":[{"embeddable":true,"href":"https:\/\/www.lamuno.com\/ld\/wp-json\/wp\/v2\/comments?post=155"}],"version-history":[{"count":4,"href":"https:\/\/www.lamuno.com\/ld\/wp-json\/wp\/v2\/pages\/155\/revisions"}],"predecessor-version":[{"id":160,"href":"https:\/\/www.lamuno.com\/ld\/wp-json\/wp\/v2\/pages\/155\/revisions\/160"}],"wp:attachment":[{"href":"https:\/\/www.lamuno.com\/ld\/wp-json\/wp\/v2\/media?parent=155"}],"curies":[{"name":"wp","href":"https:\/\/api.w.org\/{rel}","templated":true}]}}